{"id":45,"date":"2020-08-06T14:25:41","date_gmt":"2020-08-06T14:25:41","guid":{"rendered":"http:\/\/zahnarzt-arning.de\/?page_id=45"},"modified":"2026-04-15T10:23:29","modified_gmt":"2026-04-15T10:23:29","slug":"praxisteam-zahnarzt-matthias-arning","status":"publish","type":"page","link":"https:\/\/zahnarzt-arning.de\/?page_id=45","title":{"rendered":"Team"},"content":{"rendered":"\n<h2 class=\"wp-block-heading\" id=\"unser-praxisteam\">Unser Praxisteam<\/h2>\n\n\n<article id=\"post-118\" class=\"right-only post-118 page type-page status-publish\">\n<div>\n<p>Unser Praxisteam ist immer f\u00fcr Sie da. Wir haben f\u00fcr Ihre W\u00fcnsche, Sorgen, Probleme und Anregungen immer ein offenes Ohr, damit Sie sich in unserer Praxis wohlf\u00fchlen und gerne wiederkommen.<\/p>\n<\/div>\n<div>\u00a0<\/div>\n<div>Egal, ob es um Terminabsprachen, Erstattungsprobleme oder Finanzierungsm\u00f6glichkeiten geht \u2013 gemeinsam finden wir f\u00fcr Sie eine L\u00f6sung! Sprechen Sie uns einfach an!<\/div>\n<\/article>\n<div>\u00a0<\/div>\n\n\n<h2 class=\"wp-block-heading\">Verst\u00e4rkung gesucht! ZFA f\u00fcr Assistenz<\/h2>\n\n\n\n<p>Du hast die Liebe zum Beruf und die Bereitschaft, Dich in dieses tolle Team einzuf\u00fcgen. Teilzeit oder Vollzeit m\u00f6glich.<\/p>\n\n\n\n<p>Bewerbung an: <a href=\"mailto:info@zahnarzt-arning.de\">info@zahnarzt-arning.de<\/a><\/p>\n\n\n\n<div style=\"height:26px\" aria-hidden=\"true\" class=\"wp-block-spacer\"><\/div>\n\n\n\n<div class=\"wp-block-columns are-vertically-aligned-center is-layout-flex wp-container-core-columns-is-layout-9d6595d7 wp-block-columns-is-layout-flex\">\n<div class=\"wp-block-column is-vertically-aligned-center is-layout-flow wp-block-column-is-layout-flow\"><div class=\"wp-block-image\">\n<figure class=\"aligncenter size-large\"><img loading=\"lazy\" decoding=\"async\" width=\"683\" height=\"1024\" src=\"http:\/\/zahnarzt-arning.de\/wp-content\/uploads\/2020\/11\/IMG_7524-Kopie-683x1024.jpg\" alt=\"Zu sehen ist der Zahnarzt Matthias Arning\" class=\"wp-image-221\" srcset=\"https:\/\/zahnarzt-arning.de\/wp-content\/uploads\/2020\/11\/IMG_7524-Kopie-683x1024.jpg 683w, https:\/\/zahnarzt-arning.de\/wp-content\/uploads\/2020\/11\/IMG_7524-Kopie-200x300.jpg 200w, https:\/\/zahnarzt-arning.de\/wp-content\/uploads\/2020\/11\/IMG_7524-Kopie-768x1152.jpg 768w, https:\/\/zahnarzt-arning.de\/wp-content\/uploads\/2020\/11\/IMG_7524-Kopie-1024x1536.jpg 1024w, https:\/\/zahnarzt-arning.de\/wp-content\/uploads\/2020\/11\/IMG_7524-Kopie-1365x2048.jpg 1365w, https:\/\/zahnarzt-arning.de\/wp-content\/uploads\/2020\/11\/IMG_7524-Kopie-scaled.jpg 1707w\" sizes=\"auto, (max-width: 683px) 100vw, 683px\" \/><figcaption class=\"wp-element-caption\">Matthias Arning<\/figcaption><\/figure><\/div><\/div>\n\n\n\n<div class=\"wp-block-column is-vertically-aligned-center is-layout-flow wp-block-column-is-layout-flow\"><div class=\"wp-block-image\">\n<figure class=\"aligncenter size-large\"><img loading=\"lazy\" decoding=\"async\" width=\"683\" height=\"1024\" src=\"http:\/\/zahnarzt-arning.de\/wp-content\/uploads\/2020\/09\/IMG_7496-683x1024.jpg\" alt=\"\" class=\"wp-image-162\" srcset=\"https:\/\/zahnarzt-arning.de\/wp-content\/uploads\/2020\/09\/IMG_7496-683x1024.jpg 683w, https:\/\/zahnarzt-arning.de\/wp-content\/uploads\/2020\/09\/IMG_7496-200x300.jpg 200w, https:\/\/zahnarzt-arning.de\/wp-content\/uploads\/2020\/09\/IMG_7496-768x1152.jpg 768w, https:\/\/zahnarzt-arning.de\/wp-content\/uploads\/2020\/09\/IMG_7496-1024x1536.jpg 1024w, https:\/\/zahnarzt-arning.de\/wp-content\/uploads\/2020\/09\/IMG_7496-1365x2048.jpg 1365w, https:\/\/zahnarzt-arning.de\/wp-content\/uploads\/2020\/09\/IMG_7496-scaled.jpg 1707w\" sizes=\"auto, (max-width: 683px) 100vw, 683px\" \/><figcaption class=\"wp-element-caption\">Christina Hundt<\/figcaption><\/figure><\/div><\/div>\n\n\n\n<div class=\"wp-block-column is-vertically-aligned-center is-layout-flow wp-block-column-is-layout-flow\"><div class=\"wp-block-image\">\n<figure class=\"aligncenter size-large\"><img loading=\"lazy\" decoding=\"async\" width=\"683\" height=\"1024\" src=\"http:\/\/zahnarzt-arning.de\/wp-content\/uploads\/2020\/09\/IMG_7490-683x1024.jpg\" alt=\"\" class=\"wp-image-161\" srcset=\"https:\/\/zahnarzt-arning.de\/wp-content\/uploads\/2020\/09\/IMG_7490-683x1024.jpg 683w, https:\/\/zahnarzt-arning.de\/wp-content\/uploads\/2020\/09\/IMG_7490-200x300.jpg 200w, https:\/\/zahnarzt-arning.de\/wp-content\/uploads\/2020\/09\/IMG_7490-768x1152.jpg 768w, https:\/\/zahnarzt-arning.de\/wp-content\/uploads\/2020\/09\/IMG_7490-1024x1536.jpg 1024w, https:\/\/zahnarzt-arning.de\/wp-content\/uploads\/2020\/09\/IMG_7490-1365x2048.jpg 1365w, https:\/\/zahnarzt-arning.de\/wp-content\/uploads\/2020\/09\/IMG_7490-scaled.jpg 1707w\" sizes=\"auto, (max-width: 683px) 100vw, 683px\" \/><figcaption class=\"wp-element-caption\">Sabine Nienaber<\/figcaption><\/figure><\/div><\/div>\n\n\n\n<div class=\"wp-block-column is-vertically-aligned-center is-layout-flow wp-block-column-is-layout-flow\"><div class=\"wp-block-image\">\n<figure class=\"aligncenter size-large\"><img loading=\"lazy\" decoding=\"async\" width=\"683\" height=\"1024\" src=\"http:\/\/zahnarzt-arning.de\/wp-content\/uploads\/2023\/06\/IMG_2033-683x1024.png\" alt=\"\" class=\"wp-image-530\" srcset=\"https:\/\/zahnarzt-arning.de\/wp-content\/uploads\/2023\/06\/IMG_2033-683x1024.png 683w, https:\/\/zahnarzt-arning.de\/wp-content\/uploads\/2023\/06\/IMG_2033-200x300.png 200w, https:\/\/zahnarzt-arning.de\/wp-content\/uploads\/2023\/06\/IMG_2033-768x1152.png 768w, https:\/\/zahnarzt-arning.de\/wp-content\/uploads\/2023\/06\/IMG_2033-1024x1536.png 1024w, https:\/\/zahnarzt-arning.de\/wp-content\/uploads\/2023\/06\/IMG_2033-1365x2048.png 1365w\" sizes=\"auto, (max-width: 683px) 100vw, 683px\" \/><figcaption class=\"wp-element-caption\">Renata D\u00f6rholt<\/figcaption><\/figure><\/div><\/div>\n<\/div>\n\n\n\n<div class=\"wp-block-columns is-layout-flex wp-container-core-columns-is-layout-9d6595d7 wp-block-columns-is-layout-flex\">\n<div class=\"wp-block-column is-layout-flow wp-block-column-is-layout-flow\">\n<figure class=\"wp-block-image size-large\"><img loading=\"lazy\" decoding=\"async\" width=\"683\" height=\"1024\" src=\"http:\/\/zahnarzt-arning.de\/wp-content\/uploads\/2023\/06\/IMG_2020-683x1024.jpg\" alt=\"\" class=\"wp-image-547\" srcset=\"https:\/\/zahnarzt-arning.de\/wp-content\/uploads\/2023\/06\/IMG_2020-683x1024.jpg 683w, https:\/\/zahnarzt-arning.de\/wp-content\/uploads\/2023\/06\/IMG_2020-200x300.jpg 200w, https:\/\/zahnarzt-arning.de\/wp-content\/uploads\/2023\/06\/IMG_2020-768x1152.jpg 768w, https:\/\/zahnarzt-arning.de\/wp-content\/uploads\/2023\/06\/IMG_2020-1024x1536.jpg 1024w, https:\/\/zahnarzt-arning.de\/wp-content\/uploads\/2023\/06\/IMG_2020-1365x2048.jpg 1365w, https:\/\/zahnarzt-arning.de\/wp-content\/uploads\/2023\/06\/IMG_2020-scaled.jpg 1706w\" sizes=\"auto, (max-width: 683px) 100vw, 683px\" \/><figcaption class=\"wp-element-caption\">Claudia Klemens<\/figcaption><\/figure>\n<\/div>\n\n\n\n<div class=\"wp-block-column is-layout-flow wp-block-column-is-layout-flow\">\n<figure class=\"wp-block-image size-large\"><img loading=\"lazy\" decoding=\"async\" width=\"683\" height=\"1024\" src=\"https:\/\/zahnarzt-arning.de\/wp-content\/uploads\/2025\/06\/IMG_2243-5-683x1024.jpg\" alt=\"\" class=\"wp-image-619\" srcset=\"https:\/\/zahnarzt-arning.de\/wp-content\/uploads\/2025\/06\/IMG_2243-5-683x1024.jpg 683w, https:\/\/zahnarzt-arning.de\/wp-content\/uploads\/2025\/06\/IMG_2243-5-200x300.jpg 200w, https:\/\/zahnarzt-arning.de\/wp-content\/uploads\/2025\/06\/IMG_2243-5-768x1152.jpg 768w, https:\/\/zahnarzt-arning.de\/wp-content\/uploads\/2025\/06\/IMG_2243-5-1024x1536.jpg 1024w, https:\/\/zahnarzt-arning.de\/wp-content\/uploads\/2025\/06\/IMG_2243-5.jpg 1365w\" sizes=\"auto, (max-width: 683px) 100vw, 683px\" \/><figcaption class=\"wp-element-caption\">Karina Hering<\/figcaption><\/figure>\n<\/div>\n\n\n\n<div class=\"wp-block-column is-layout-flow wp-block-column-is-layout-flow\">\n<figure class=\"wp-block-image size-large\"><img loading=\"lazy\" decoding=\"async\" width=\"683\" height=\"1024\" src=\"https:\/\/zahnarzt-arning.de\/wp-content\/uploads\/2026\/04\/IMG_8755-683x1024.jpg\" alt=\"\" class=\"wp-image-714\" srcset=\"https:\/\/zahnarzt-arning.de\/wp-content\/uploads\/2026\/04\/IMG_8755-683x1024.jpg 683w, https:\/\/zahnarzt-arning.de\/wp-content\/uploads\/2026\/04\/IMG_8755-200x300.jpg 200w, https:\/\/zahnarzt-arning.de\/wp-content\/uploads\/2026\/04\/IMG_8755-768x1152.jpg 768w, https:\/\/zahnarzt-arning.de\/wp-content\/uploads\/2026\/04\/IMG_8755-1024x1536.jpg 1024w, https:\/\/zahnarzt-arning.de\/wp-content\/uploads\/2026\/04\/IMG_8755.jpg 1365w\" sizes=\"auto, (max-width: 683px) 100vw, 683px\" \/><figcaption class=\"wp-element-caption\">Nadine Altefrohne<\/figcaption><\/figure>\n<\/div>\n\n\n\n<div class=\"wp-block-column is-layout-flow wp-block-column-is-layout-flow\">\n<figure class=\"wp-block-image size-large\"><img loading=\"lazy\" decoding=\"async\" width=\"686\" height=\"1024\" src=\"http:\/\/zahnarzt-arning.de\/wp-content\/uploads\/2025\/06\/IMG_2253-2-686x1024.jpg\" alt=\"\" class=\"wp-image-614\" srcset=\"https:\/\/zahnarzt-arning.de\/wp-content\/uploads\/2025\/06\/IMG_2253-2-686x1024.jpg 686w, https:\/\/zahnarzt-arning.de\/wp-content\/uploads\/2025\/06\/IMG_2253-2-201x300.jpg 201w, https:\/\/zahnarzt-arning.de\/wp-content\/uploads\/2025\/06\/IMG_2253-2-768x1146.jpg 768w, https:\/\/zahnarzt-arning.de\/wp-content\/uploads\/2025\/06\/IMG_2253-2-1029x1536.jpg 1029w, https:\/\/zahnarzt-arning.de\/wp-content\/uploads\/2025\/06\/IMG_2253-2.jpg 1372w\" sizes=\"auto, (max-width: 686px) 100vw, 686px\" \/><figcaption class=\"wp-element-caption\">Jetmire Ademi<\/figcaption><\/figure>\n<\/div>\n<\/div>\n\n\n\n<div class=\"wp-block-columns is-layout-flex wp-container-core-columns-is-layout-9d6595d7 wp-block-columns-is-layout-flex\">\n<div class=\"wp-block-column is-layout-flow wp-block-column-is-layout-flow\">\n<figure class=\"wp-block-image size-large\"><img loading=\"lazy\" decoding=\"async\" width=\"683\" height=\"1024\" src=\"https:\/\/zahnarzt-arning.de\/wp-content\/uploads\/2026\/04\/IMG_8768-683x1024.jpg\" alt=\"\" class=\"wp-image-713\" srcset=\"https:\/\/zahnarzt-arning.de\/wp-content\/uploads\/2026\/04\/IMG_8768-683x1024.jpg 683w, https:\/\/zahnarzt-arning.de\/wp-content\/uploads\/2026\/04\/IMG_8768-200x300.jpg 200w, https:\/\/zahnarzt-arning.de\/wp-content\/uploads\/2026\/04\/IMG_8768-768x1152.jpg 768w, https:\/\/zahnarzt-arning.de\/wp-content\/uploads\/2026\/04\/IMG_8768-1024x1536.jpg 1024w, https:\/\/zahnarzt-arning.de\/wp-content\/uploads\/2026\/04\/IMG_8768.jpg 1365w\" sizes=\"auto, (max-width: 683px) 100vw, 683px\" \/><figcaption class=\"wp-element-caption\">Nadia Arning-Musset<\/figcaption><\/figure>\n<\/div>\n\n\n\n<div class=\"wp-block-column is-layout-flow wp-block-column-is-layout-flow\"><\/div>\n\n\n\n<div class=\"wp-block-column is-layout-flow wp-block-column-is-layout-flow\"><\/div>\n\n\n\n<div class=\"wp-block-column is-layout-flow wp-block-column-is-layout-flow\"><\/div>\n<\/div>\n\n\n\n<p><\/p>\n","protected":false},"excerpt":{"rendered":"<p>Unser Praxisteam Unser Praxisteam ist immer f\u00fcr Sie da. Wir haben f\u00fcr Ihre W\u00fcnsche, Sorgen, Probleme und Anregungen immer ein offenes Ohr, damit Sie sich in unserer Praxis wohlf\u00fchlen und gerne wiederkommen. \u00a0 Egal, ob es um Terminabsprachen, Erstattungsprobleme oder Finanzierungsm\u00f6glichkeiten geht \u2013 gemeinsam finden wir f\u00fcr Sie eine L\u00f6sung! Sprechen Sie uns einfach an!<\/p><\/div>\n<div class=\"blog-btn\"><a href=\"https:\/\/zahnarzt-arning.de\/?page_id=45\" class=\"home-blog-btn\">Weiterlesen<\/a><\/p>\n","protected":false},"author":2,"featured_media":0,"parent":0,"menu_order":0,"comment_status":"closed","ping_status":"closed","template":"template\/template-page-full-width.php","meta":{"footnotes":""},"class_list":["post-45","page","type-page","status-publish","hentry"],"yoast_head":"<!-- This site is optimized with the Yoast SEO plugin v27.4 - https:\/\/yoast.com\/product\/yoast-seo-wordpress\/ -->\n<title>Team -<\/title>\n<meta name=\"description\" content=\"Unser Praxisteam ist immer f\u00fcr Sie da. Wir haben f\u00fcr Ihre W\u00fcnsche, Sorgen, Probleme und Anregungen immer ein offenes Ohr.\" \/>\n<meta name=\"robots\" content=\"index, follow, max-snippet:-1, max-image-preview:large, max-video-preview:-1\" \/>\n<link rel=\"canonical\" href=\"https:\/\/zahnarzt-arning.de\/?page_id=45\" \/>\n<meta property=\"og:locale\" content=\"de_DE\" \/>\n<meta property=\"og:type\" content=\"article\" \/>\n<meta property=\"og:title\" content=\"Team -\" \/>\n<meta property=\"og:description\" content=\"Unser Praxisteam ist immer f\u00fcr Sie da. Wir haben f\u00fcr Ihre W\u00fcnsche, Sorgen, Probleme und Anregungen immer ein offenes Ohr.\" \/>\n<meta property=\"og:url\" content=\"https:\/\/zahnarzt-arning.de\/?page_id=45\" \/>\n<meta property=\"article:modified_time\" content=\"2026-04-15T10:23:29+00:00\" \/>\n<meta property=\"og:image\" content=\"http:\/\/zahnarzt-arning.de\/wp-content\/uploads\/2020\/11\/IMG_7524-Kopie-683x1024.jpg\" \/>\n<meta name=\"twitter:card\" content=\"summary_large_image\" \/>\n<meta name=\"twitter:label1\" content=\"Gesch\u00e4tzte Lesezeit\" \/>\n\t<meta name=\"twitter:data1\" content=\"5\u00a0Minuten\" \/>\n<script type=\"application\/ld+json\" class=\"yoast-schema-graph\">{\"@context\":\"https:\\\/\\\/schema.org\",\"@graph\":[{\"@type\":\"WebPage\",\"@id\":\"https:\\\/\\\/zahnarzt-arning.de\\\/?page_id=45\",\"url\":\"https:\\\/\\\/zahnarzt-arning.de\\\/?page_id=45\",\"name\":\"Team -\",\"isPartOf\":{\"@id\":\"https:\\\/\\\/zahnarzt-arning.de\\\/#website\"},\"primaryImageOfPage\":{\"@id\":\"https:\\\/\\\/zahnarzt-arning.de\\\/?page_id=45#primaryimage\"},\"image\":{\"@id\":\"https:\\\/\\\/zahnarzt-arning.de\\\/?page_id=45#primaryimage\"},\"thumbnailUrl\":\"http:\\\/\\\/zahnarzt-arning.de\\\/wp-content\\\/uploads\\\/2020\\\/11\\\/IMG_7524-Kopie-683x1024.jpg\",\"datePublished\":\"2020-08-06T14:25:41+00:00\",\"dateModified\":\"2026-04-15T10:23:29+00:00\",\"description\":\"Unser Praxisteam ist immer f\u00fcr Sie da. Wir haben f\u00fcr Ihre W\u00fcnsche, Sorgen, Probleme und Anregungen immer ein offenes Ohr.\",\"breadcrumb\":{\"@id\":\"https:\\\/\\\/zahnarzt-arning.de\\\/?page_id=45#breadcrumb\"},\"inLanguage\":\"de\",\"potentialAction\":[{\"@type\":\"ReadAction\",\"target\":[\"https:\\\/\\\/zahnarzt-arning.de\\\/?page_id=45\"]}]},{\"@type\":\"ImageObject\",\"inLanguage\":\"de\",\"@id\":\"https:\\\/\\\/zahnarzt-arning.de\\\/?page_id=45#primaryimage\",\"url\":\"http:\\\/\\\/zahnarzt-arning.de\\\/wp-content\\\/uploads\\\/2020\\\/11\\\/IMG_7524-Kopie-683x1024.jpg\",\"contentUrl\":\"http:\\\/\\\/zahnarzt-arning.de\\\/wp-content\\\/uploads\\\/2020\\\/11\\\/IMG_7524-Kopie-683x1024.jpg\"},{\"@type\":\"BreadcrumbList\",\"@id\":\"https:\\\/\\\/zahnarzt-arning.de\\\/?page_id=45#breadcrumb\",\"itemListElement\":[{\"@type\":\"ListItem\",\"position\":1,\"name\":\"Startseite\",\"item\":\"https:\\\/\\\/zahnarzt-arning.de\\\/\"},{\"@type\":\"ListItem\",\"position\":2,\"name\":\"Team\"}]},{\"@type\":\"WebSite\",\"@id\":\"https:\\\/\\\/zahnarzt-arning.de\\\/#website\",\"url\":\"https:\\\/\\\/zahnarzt-arning.de\\\/\",\"name\":\"\",\"description\":\"\",\"potentialAction\":[{\"@type\":\"SearchAction\",\"target\":{\"@type\":\"EntryPoint\",\"urlTemplate\":\"https:\\\/\\\/zahnarzt-arning.de\\\/?s={search_term_string}\"},\"query-input\":{\"@type\":\"PropertyValueSpecification\",\"valueRequired\":true,\"valueName\":\"search_term_string\"}}],\"inLanguage\":\"de\"}]}<\/script>\n<!-- \/ Yoast SEO plugin. -->","yoast_head_json":{"title":"Team -","description":"Unser Praxisteam ist immer f\u00fcr Sie da. Wir haben f\u00fcr Ihre W\u00fcnsche, Sorgen, Probleme und Anregungen immer ein offenes Ohr.","robots":{"index":"index","follow":"follow","max-snippet":"max-snippet:-1","max-image-preview":"max-image-preview:large","max-video-preview":"max-video-preview:-1"},"canonical":"https:\/\/zahnarzt-arning.de\/?page_id=45","og_locale":"de_DE","og_type":"article","og_title":"Team -","og_description":"Unser Praxisteam ist immer f\u00fcr Sie da. Wir haben f\u00fcr Ihre W\u00fcnsche, Sorgen, Probleme und Anregungen immer ein offenes Ohr.","og_url":"https:\/\/zahnarzt-arning.de\/?page_id=45","article_modified_time":"2026-04-15T10:23:29+00:00","og_image":[{"url":"http:\/\/zahnarzt-arning.de\/wp-content\/uploads\/2020\/11\/IMG_7524-Kopie-683x1024.jpg","type":"","width":"","height":""}],"twitter_card":"summary_large_image","twitter_misc":{"Gesch\u00e4tzte Lesezeit":"5\u00a0Minuten"},"schema":{"@context":"https:\/\/schema.org","@graph":[{"@type":"WebPage","@id":"https:\/\/zahnarzt-arning.de\/?page_id=45","url":"https:\/\/zahnarzt-arning.de\/?page_id=45","name":"Team -","isPartOf":{"@id":"https:\/\/zahnarzt-arning.de\/#website"},"primaryImageOfPage":{"@id":"https:\/\/zahnarzt-arning.de\/?page_id=45#primaryimage"},"image":{"@id":"https:\/\/zahnarzt-arning.de\/?page_id=45#primaryimage"},"thumbnailUrl":"http:\/\/zahnarzt-arning.de\/wp-content\/uploads\/2020\/11\/IMG_7524-Kopie-683x1024.jpg","datePublished":"2020-08-06T14:25:41+00:00","dateModified":"2026-04-15T10:23:29+00:00","description":"Unser Praxisteam ist immer f\u00fcr Sie da. Wir haben f\u00fcr Ihre W\u00fcnsche, Sorgen, Probleme und Anregungen immer ein offenes Ohr.","breadcrumb":{"@id":"https:\/\/zahnarzt-arning.de\/?page_id=45#breadcrumb"},"inLanguage":"de","potentialAction":[{"@type":"ReadAction","target":["https:\/\/zahnarzt-arning.de\/?page_id=45"]}]},{"@type":"ImageObject","inLanguage":"de","@id":"https:\/\/zahnarzt-arning.de\/?page_id=45#primaryimage","url":"http:\/\/zahnarzt-arning.de\/wp-content\/uploads\/2020\/11\/IMG_7524-Kopie-683x1024.jpg","contentUrl":"http:\/\/zahnarzt-arning.de\/wp-content\/uploads\/2020\/11\/IMG_7524-Kopie-683x1024.jpg"},{"@type":"BreadcrumbList","@id":"https:\/\/zahnarzt-arning.de\/?page_id=45#breadcrumb","itemListElement":[{"@type":"ListItem","position":1,"name":"Startseite","item":"https:\/\/zahnarzt-arning.de\/"},{"@type":"ListItem","position":2,"name":"Team"}]},{"@type":"WebSite","@id":"https:\/\/zahnarzt-arning.de\/#website","url":"https:\/\/zahnarzt-arning.de\/","name":"","description":"","potentialAction":[{"@type":"SearchAction","target":{"@type":"EntryPoint","urlTemplate":"https:\/\/zahnarzt-arning.de\/?s={search_term_string}"},"query-input":{"@type":"PropertyValueSpecification","valueRequired":true,"valueName":"search_term_string"}}],"inLanguage":"de"}]}},"_links":{"self":[{"href":"https:\/\/zahnarzt-arning.de\/index.php?rest_route=\/wp\/v2\/pages\/45","targetHints":{"allow":["GET"]}}],"collection":[{"href":"https:\/\/zahnarzt-arning.de\/index.php?rest_route=\/wp\/v2\/pages"}],"about":[{"href":"https:\/\/zahnarzt-arning.de\/index.php?rest_route=\/wp\/v2\/types\/page"}],"author":[{"embeddable":true,"href":"https:\/\/zahnarzt-arning.de\/index.php?rest_route=\/wp\/v2\/users\/2"}],"replies":[{"embeddable":true,"href":"https:\/\/zahnarzt-arning.de\/index.php?rest_route=%2Fwp%2Fv2%2Fcomments&post=45"}],"version-history":[{"count":58,"href":"https:\/\/zahnarzt-arning.de\/index.php?rest_route=\/wp\/v2\/pages\/45\/revisions"}],"predecessor-version":[{"id":721,"href":"https:\/\/zahnarzt-arning.de\/index.php?rest_route=\/wp\/v2\/pages\/45\/revisions\/721"}],"wp:attachment":[{"href":"https:\/\/zahnarzt-arning.de\/index.php?rest_route=%2Fwp%2Fv2%2Fmedia&parent=45"}],"curies":[{"name":"wp","href":"https:\/\/api.w.org\/{rel}","templated":true}]}}