{"id":12,"date":"2020-08-06T14:05:24","date_gmt":"2020-08-06T14:05:24","guid":{"rendered":"http:\/\/zahnarzt-arning.de\/?page_id=12"},"modified":"2020-12-29T18:41:00","modified_gmt":"2020-12-29T18:41:00","slug":"leistungen","status":"publish","type":"page","link":"https:\/\/zahnarzt-arning.de\/?page_id=12","title":{"rendered":"Leistungen"},"content":{"rendered":"\n<div class=\"wp-block-columns is-layout-flex wp-container-core-columns-is-layout-9d6595d7 wp-block-columns-is-layout-flex\">\n<div class=\"wp-block-column is-layout-flow wp-block-column-is-layout-flow\">\n<div class=\"wp-block-image\"><figure class=\"aligncenter size-large\"><img loading=\"lazy\" decoding=\"async\" width=\"123\" height=\"123\" src=\"http:\/\/zahnarzt-arning.de\/wp-content\/uploads\/2020\/11\/Zahnreinigung.png\" alt=\"\" class=\"wp-image-233\"\/><\/figure><\/div>\n\n\n\n<h4 class=\"has-text-align-center wp-block-heading\">Professionelle Zahnreinigung <\/h4>\n\n\n\n<p class=\"has-text-align-left\">Zur Prophylaxe geh\u00f6rt die PZR mit der gr\u00fcndlichen Reinigung Ihrer Z\u00e4hne und der Zahnzwischenr\u00e4ume bis unter den Zahnfleischsaum. Gerne beraten wir Sie auch \u00fcber die richtige Putztechnik, eine zahngesunde Ern\u00e4hrung und kl\u00e4ren Sie \u00fcber den Belagindex auf.<\/p>\n<\/div>\n\n\n\n<div class=\"wp-block-column is-layout-flow wp-block-column-is-layout-flow\">\n<div class=\"wp-block-image\"><figure class=\"aligncenter size-large\"><img loading=\"lazy\" decoding=\"async\" width=\"123\" height=\"123\" src=\"http:\/\/zahnarzt-arning.de\/wp-content\/uploads\/2020\/11\/Zahnersatz.png\" alt=\"Bild von einem Zahnersatz illustrativ dargestellt.\" class=\"wp-image-240\"\/><\/figure><\/div>\n\n\n\n<h4 class=\"has-text-align-center wp-block-heading\">Zahnersatz<br><\/h4>\n\n\n\n<p>Funktionalit\u00e4t, \u00c4sthetik und Qualit\u00e4t stehen bei uns an erster Stelle. Wir bieten ausschlie\u00dflich in Deutschland gefertigten Zahnersatz an, der diese Anspr\u00fcche erf\u00fcllt. Auch Veneers und kosmetische Frontzahnkorrekturen geh\u00f6ren zu unserem Leistungsspektrum.<\/p>\n<\/div>\n\n\n\n<div class=\"wp-block-column is-layout-flow wp-block-column-is-layout-flow\">\n<div class=\"wp-block-image\"><figure class=\"aligncenter size-large\"><img loading=\"lazy\" decoding=\"async\" width=\"123\" height=\"123\" src=\"http:\/\/zahnarzt-arning.de\/wp-content\/uploads\/2020\/11\/Funktionsanalyse.png\" alt=\"Bild zur Veranschaulichung zur Funktionsanalyse\" class=\"wp-image-244\"\/><\/figure><\/div>\n\n\n\n<h4 class=\"has-text-align-center wp-block-heading\">Kiefergelenksbeschwerden<\/h4>\n\n\n\n<p>N\u00e4chtliches Z\u00e4hneknirschen, meistens verursacht durch Stress, bedingt Kiefergelenksbeschwerden mit Muskelverspannungen und Abrieb der Z\u00e4hne. Im Dental-Labor gefertigte individuelle Aufbiss-Schienen helfen Ihnen dabei, das zu verhindern<\/p>\n<\/div>\n<\/div>\n\n\n\n<div style=\"height:100px\" aria-hidden=\"true\" class=\"wp-block-spacer\"><\/div>\n\n\n\n<div class=\"wp-block-columns is-layout-flex wp-container-core-columns-is-layout-9d6595d7 wp-block-columns-is-layout-flex\">\n<div class=\"wp-block-column is-layout-flow wp-block-column-is-layout-flow\">\n<div class=\"wp-block-image\"><figure class=\"aligncenter size-large\"><img loading=\"lazy\" decoding=\"async\" width=\"124\" height=\"123\" src=\"http:\/\/zahnarzt-arning.de\/wp-content\/uploads\/2020\/11\/Implantant-1.png\" alt=\"Bild zur Veranschaulichung von Implantaten\" class=\"wp-image-249\"\/><\/figure><\/div>\n\n\n\n<h4 class=\"has-text-align-center wp-block-heading\">Implantate<\/h4>\n\n\n\n<p>Die Versorgung eines Gebisses mit Implantaten verlangt das Wissen und die Ausstattung (z.B. OP) eines Spezialisten. Deshalb arbeiten wir vertrauensvoll mit Kieferchirurgen in der n\u00e4heren Umgebung zusammen und versehen dann das implantologisch versorgte Gebiss in der gewohnt hochwertigen und kompetenten Weise mit Zahnersatz (festsitzend und herausnehmbar).<\/p>\n<\/div>\n\n\n\n<div class=\"wp-block-column is-layout-flow wp-block-column-is-layout-flow\">\n<div class=\"wp-block-image\"><figure class=\"aligncenter size-large\"><img loading=\"lazy\" decoding=\"async\" width=\"123\" height=\"123\" src=\"http:\/\/zahnarzt-arning.de\/wp-content\/uploads\/2020\/11\/Zahnheilkunde.png\" alt=\"Bild zur Veranschaulichung zur Funktionsanalyse\" class=\"wp-image-238\"\/><\/figure><\/div>\n\n\n\n<h4 class=\"has-text-align-center wp-block-heading\">Funktionsanalyse<\/h4>\n\n\n\n<p>Fehlstellungen von Z\u00e4hnen, zu hohe F\u00fcllungen und mangelhafter Zahnersatz k\u00f6nnen die Ursache von Muskelverspannungen im Kopf- und Nackenbereich sein. Aus diesem Grund registrieren wir bei der passgenauen Herstellung eines neuen Zahnersatzes mit Hilfe eines Gesichtsbogens Lage und Neigung des Oberkiefers sowie die Drehachse des Unterkiefers, um sp\u00e4teren Sch\u00e4den in den Kiefergelenken vorzubeugen.<\/p>\n<\/div>\n\n\n\n<div class=\"wp-block-column is-layout-flow wp-block-column-is-layout-flow\">\n<div class=\"wp-block-image\"><figure class=\"aligncenter size-large\"><img loading=\"lazy\" decoding=\"async\" width=\"123\" height=\"123\" src=\"http:\/\/zahnarzt-arning.de\/wp-content\/uploads\/2020\/11\/paradontal_Therapie_dick-2.png\" alt=\"\" class=\"wp-image-261\"\/><\/figure><\/div>\n\n\n\n<h4 class=\"has-text-align-center wp-block-heading\" id=\"block-52c7d6ba-934a-413f-8bc9-f609bcec7575\">Parodontal-Therapie<\/h4>\n\n\n\n<p>Parodontitis ist eine chronische, bakteriell bedingte Entz\u00fcndung, die den Zahnhalteapparat zerst\u00f6rt und zur Lockerung bis zum Verlust der Z\u00e4hne f\u00fchren kann. Sie erfordert eine konsequente Therapie und regelm\u00e4\u00dfige Nachsorge, wobei schonend die Bel\u00e4ge und Bakterien auf den Oberfl\u00e4chen von Zahnh\u00e4lsen bzw. -wurzeln sowie entz\u00fcndetes Zahnfleischgewebe entfernt werden.<\/p>\n<\/div>\n<\/div>\n\n\n\n<div style=\"height:100px\" aria-hidden=\"true\" class=\"wp-block-spacer\"><\/div>\n\n\n\n<div class=\"wp-block-columns is-layout-flex wp-container-core-columns-is-layout-9d6595d7 wp-block-columns-is-layout-flex\">\n<div class=\"wp-block-column is-layout-flow wp-block-column-is-layout-flow\">\n<div class=\"wp-block-image\"><figure class=\"aligncenter size-large\"><img loading=\"lazy\" decoding=\"async\" width=\"123\" height=\"123\" src=\"http:\/\/zahnarzt-arning.de\/wp-content\/uploads\/2020\/11\/Versiegelung.png\" alt=\"Bild zur Veranschaulichung zur Zahnversiegelung\" class=\"wp-image-241\"\/><\/figure><\/div>\n\n\n\n<h4 class=\"has-text-align-center wp-block-heading\">Zahnversiegelung<\/h4>\n\n\n\n<p>Bei der Fissurenversiegelung verschliessen wir Ihnen die kariesanf\u00e4lligen Gr\u00fcbchen in den Zahnoberfl\u00e4chen schmerzfrei und schonend.<\/p>\n<\/div>\n\n\n\n<div class=\"wp-block-column is-layout-flow wp-block-column-is-layout-flow\">\n<div class=\"wp-block-image\"><figure class=\"aligncenter size-large\"><img loading=\"lazy\" decoding=\"async\" width=\"123\" height=\"123\" src=\"http:\/\/zahnarzt-arning.de\/wp-content\/uploads\/2020\/11\/Bleaching.png\" alt=\"Bild zur Veranschaulichung von Belachen\" class=\"wp-image-247\"\/><\/figure><\/div>\n\n\n\n<h4 class=\"has-text-align-center wp-block-heading\">Bleaching<\/h4>\n\n\n\n<p class=\"has-text-align-left\">Durch das Auftragen eines milden Bleich-Gels wird eine Aufhellung besonders dunkelgef\u00e4rbter Z\u00e4hne m\u00f6glich.<\/p>\n<\/div>\n\n\n\n<div class=\"wp-block-column is-layout-flow wp-block-column-is-layout-flow\">\n<div class=\"wp-block-image\"><figure class=\"aligncenter size-large\"><img loading=\"lazy\" decoding=\"async\" width=\"123\" height=\"123\" src=\"http:\/\/zahnarzt-arning.de\/wp-content\/uploads\/2020\/11\/Schnarchtherapie.png\" alt=\"\" class=\"wp-image-239\"\/><\/figure><\/div>\n\n\n\n<h4 class=\"has-text-align-center wp-block-heading\">Schnarch-Therapie<\/h4>\n\n\n\n<p class=\"has-text-align-left\">Mit einem Ger\u00e4t \u00e4hnlich einer Zahnspange kann man das Schnarchen verhindern. Geeignet f\u00fcr Patienten mit einfacher bis  mittelschwerer Schlafapnoe.<\/p>\n<\/div>\n<\/div>\n\n\n\n<div style=\"height:100px\" aria-hidden=\"true\" class=\"wp-block-spacer\"><\/div>\n\n\n\n<div class=\"wp-block-columns is-layout-flex wp-container-core-columns-is-layout-9d6595d7 wp-block-columns-is-layout-flex\">\n<div class=\"wp-block-column is-layout-flow wp-block-column-is-layout-flow\">\n<div class=\"wp-block-image\"><figure class=\"aligncenter size-large\"><img loading=\"lazy\" decoding=\"async\" width=\"123\" height=\"123\" src=\"http:\/\/zahnarzt-arning.de\/wp-content\/uploads\/2020\/11\/airFlow.png\" alt=\"Air Flow Pistole als Bild zur Veranschaulichung von Air Flow\" class=\"wp-image-246\"\/><\/figure><\/div>\n\n\n\n<h4 class=\"has-text-align-center wp-block-heading\">Air Flow<\/h4>\n\n\n\n<p class=\"has-text-align-left\">Mit einem modernen Pulverstrahlger\u00e4t werden selbst hartn\u00e4ckige Bel\u00e4ge und Verf\u00e4rbungen der Z\u00e4hne entfernt.<\/p>\n<\/div>\n\n\n\n<div class=\"wp-block-column is-layout-flow wp-block-column-is-layout-flow\">\n<div class=\"wp-block-image\"><figure class=\"aligncenter size-large\"><img loading=\"lazy\" decoding=\"async\" width=\"123\" height=\"123\" src=\"http:\/\/zahnarzt-arning.de\/wp-content\/uploads\/2020\/11\/Recall.png\" alt=\"Postkarte als Bild zur Veranschaulichung f\u00fcr den Reclam\" class=\"wp-image-243\"\/><\/figure><\/div>\n\n\n\n<h4 class=\"has-text-align-center wp-block-heading\">Recall<\/h4>\n\n\n\n<p>Wir bieten Ihnen an, Sie schriftlich oder telefonisch an einen anstehenden Vorsorgetermin zu erinnern.<\/p>\n<\/div>\n\n\n\n<div class=\"wp-block-column is-layout-flow wp-block-column-is-layout-flow\">\n<div class=\"wp-block-image\"><figure class=\"aligncenter size-large\"><img loading=\"lazy\" decoding=\"async\" width=\"123\" height=\"123\" src=\"http:\/\/zahnarzt-arning.de\/wp-content\/uploads\/2020\/11\/Hausbesuche-2.png\" alt=\"\" class=\"wp-image-237\"\/><\/figure><\/div>\n\n\n\n<h4 class=\"has-text-align-center wp-block-heading\">Hausbesuche<\/h4>\n\n\n\n<p>Gerne besuchen wir unsere Patienten, die nicht mehr in die Praxis kommen k\u00f6nnen, auch zu Hause bzw. im Pflegeheim.<\/p>\n<\/div>\n<\/div>\n\n\n\n<div style=\"height:100px\" aria-hidden=\"true\" class=\"wp-block-spacer\"><\/div>\n\n\n\n<div class=\"wp-block-columns is-layout-flex wp-container-core-columns-is-layout-9d6595d7 wp-block-columns-is-layout-flex\">\n<div class=\"wp-block-column is-layout-flow wp-block-column-is-layout-flow\">\n<p><\/p>\n<\/div>\n\n\n\n<div class=\"wp-block-column is-layout-flow wp-block-column-is-layout-flow\"><\/div>\n\n\n\n<div class=\"wp-block-column is-layout-flow wp-block-column-is-layout-flow\">\n<p><\/p>\n<\/div>\n<\/div>\n","protected":false},"excerpt":{"rendered":"<p>Professionelle Zahnreinigung Zur Prophylaxe geh\u00f6rt die PZR mit der gr\u00fcndlichen Reinigung Ihrer Z\u00e4hne und der Zahnzwischenr\u00e4ume bis unter den Zahnfleischsaum. Gerne beraten wir Sie auch \u00fcber die richtige Putztechnik, eine zahngesunde Ern\u00e4hrung und kl\u00e4ren Sie \u00fcber den Belagindex auf. Zahnersatz Funktionalit\u00e4t, \u00c4sthetik und Qualit\u00e4t stehen bei uns an erster Stelle. Wir bieten ausschlie\u00dflich in Deutschland<\/p><\/div>\n<div class=\"blog-btn\"><a href=\"https:\/\/zahnarzt-arning.de\/?page_id=12\" class=\"home-blog-btn\">Weiterlesen<\/a><\/p>\n","protected":false},"author":2,"featured_media":0,"parent":0,"menu_order":0,"comment_status":"closed","ping_status":"closed","template":"","meta":{"footnotes":""},"class_list":["post-12","page","type-page","status-publish","hentry"],"yoast_head":"<!-- This site is optimized with the Yoast SEO plugin v27.4 - https:\/\/yoast.com\/product\/yoast-seo-wordpress\/ -->\n<title>Leistungen -<\/title>\n<meta name=\"robots\" content=\"index, follow, max-snippet:-1, max-image-preview:large, max-video-preview:-1\" \/>\n<link rel=\"canonical\" href=\"https:\/\/zahnarzt-arning.de\/?page_id=12\" \/>\n<meta property=\"og:locale\" content=\"de_DE\" \/>\n<meta property=\"og:type\" content=\"article\" \/>\n<meta property=\"og:title\" content=\"Leistungen -\" \/>\n<meta property=\"og:description\" content=\"Professionelle Zahnreinigung Zur Prophylaxe geh\u00f6rt die PZR mit der gr\u00fcndlichen Reinigung Ihrer Z\u00e4hne und der Zahnzwischenr\u00e4ume bis unter den Zahnfleischsaum. Gerne beraten wir Sie auch \u00fcber die richtige Putztechnik, eine zahngesunde Ern\u00e4hrung und kl\u00e4ren Sie \u00fcber den Belagindex auf. Zahnersatz Funktionalit\u00e4t, \u00c4sthetik und Qualit\u00e4t stehen bei uns an erster Stelle. Wir bieten ausschlie\u00dflich in DeutschlandWeiterlesen\" \/>\n<meta property=\"og:url\" content=\"https:\/\/zahnarzt-arning.de\/?page_id=12\" \/>\n<meta property=\"article:modified_time\" content=\"2020-12-29T18:41:00+00:00\" \/>\n<meta property=\"og:image\" content=\"http:\/\/zahnarzt-arning.de\/wp-content\/uploads\/2020\/11\/Zahnreinigung.png\" \/>\n<meta name=\"twitter:card\" content=\"summary_large_image\" \/>\n<meta name=\"twitter:label1\" content=\"Gesch\u00e4tzte Lesezeit\" \/>\n\t<meta name=\"twitter:data1\" content=\"2\u00a0Minuten\" \/>\n<script type=\"application\/ld+json\" class=\"yoast-schema-graph\">{\"@context\":\"https:\\\/\\\/schema.org\",\"@graph\":[{\"@type\":\"WebPage\",\"@id\":\"https:\\\/\\\/zahnarzt-arning.de\\\/?page_id=12\",\"url\":\"https:\\\/\\\/zahnarzt-arning.de\\\/?page_id=12\",\"name\":\"Leistungen -\",\"isPartOf\":{\"@id\":\"https:\\\/\\\/zahnarzt-arning.de\\\/#website\"},\"primaryImageOfPage\":{\"@id\":\"https:\\\/\\\/zahnarzt-arning.de\\\/?page_id=12#primaryimage\"},\"image\":{\"@id\":\"https:\\\/\\\/zahnarzt-arning.de\\\/?page_id=12#primaryimage\"},\"thumbnailUrl\":\"http:\\\/\\\/zahnarzt-arning.de\\\/wp-content\\\/uploads\\\/2020\\\/11\\\/Zahnreinigung.png\",\"datePublished\":\"2020-08-06T14:05:24+00:00\",\"dateModified\":\"2020-12-29T18:41:00+00:00\",\"breadcrumb\":{\"@id\":\"https:\\\/\\\/zahnarzt-arning.de\\\/?page_id=12#breadcrumb\"},\"inLanguage\":\"de\",\"potentialAction\":[{\"@type\":\"ReadAction\",\"target\":[\"https:\\\/\\\/zahnarzt-arning.de\\\/?page_id=12\"]}]},{\"@type\":\"ImageObject\",\"inLanguage\":\"de\",\"@id\":\"https:\\\/\\\/zahnarzt-arning.de\\\/?page_id=12#primaryimage\",\"url\":\"https:\\\/\\\/zahnarzt-arning.de\\\/wp-content\\\/uploads\\\/2020\\\/11\\\/Zahnreinigung.png\",\"contentUrl\":\"https:\\\/\\\/zahnarzt-arning.de\\\/wp-content\\\/uploads\\\/2020\\\/11\\\/Zahnreinigung.png\",\"width\":123,\"height\":123},{\"@type\":\"BreadcrumbList\",\"@id\":\"https:\\\/\\\/zahnarzt-arning.de\\\/?page_id=12#breadcrumb\",\"itemListElement\":[{\"@type\":\"ListItem\",\"position\":1,\"name\":\"Startseite\",\"item\":\"https:\\\/\\\/zahnarzt-arning.de\\\/\"},{\"@type\":\"ListItem\",\"position\":2,\"name\":\"Leistungen\"}]},{\"@type\":\"WebSite\",\"@id\":\"https:\\\/\\\/zahnarzt-arning.de\\\/#website\",\"url\":\"https:\\\/\\\/zahnarzt-arning.de\\\/\",\"name\":\"\",\"description\":\"\",\"potentialAction\":[{\"@type\":\"SearchAction\",\"target\":{\"@type\":\"EntryPoint\",\"urlTemplate\":\"https:\\\/\\\/zahnarzt-arning.de\\\/?s={search_term_string}\"},\"query-input\":{\"@type\":\"PropertyValueSpecification\",\"valueRequired\":true,\"valueName\":\"search_term_string\"}}],\"inLanguage\":\"de\"}]}<\/script>\n<!-- \/ Yoast SEO plugin. -->","yoast_head_json":{"title":"Leistungen -","robots":{"index":"index","follow":"follow","max-snippet":"max-snippet:-1","max-image-preview":"max-image-preview:large","max-video-preview":"max-video-preview:-1"},"canonical":"https:\/\/zahnarzt-arning.de\/?page_id=12","og_locale":"de_DE","og_type":"article","og_title":"Leistungen -","og_description":"Professionelle Zahnreinigung Zur Prophylaxe geh\u00f6rt die PZR mit der gr\u00fcndlichen Reinigung Ihrer Z\u00e4hne und der Zahnzwischenr\u00e4ume bis unter den Zahnfleischsaum. Gerne beraten wir Sie auch \u00fcber die richtige Putztechnik, eine zahngesunde Ern\u00e4hrung und kl\u00e4ren Sie \u00fcber den Belagindex auf. Zahnersatz Funktionalit\u00e4t, \u00c4sthetik und Qualit\u00e4t stehen bei uns an erster Stelle. Wir bieten ausschlie\u00dflich in DeutschlandWeiterlesen","og_url":"https:\/\/zahnarzt-arning.de\/?page_id=12","article_modified_time":"2020-12-29T18:41:00+00:00","og_image":[{"url":"http:\/\/zahnarzt-arning.de\/wp-content\/uploads\/2020\/11\/Zahnreinigung.png","type":"","width":"","height":""}],"twitter_card":"summary_large_image","twitter_misc":{"Gesch\u00e4tzte Lesezeit":"2\u00a0Minuten"},"schema":{"@context":"https:\/\/schema.org","@graph":[{"@type":"WebPage","@id":"https:\/\/zahnarzt-arning.de\/?page_id=12","url":"https:\/\/zahnarzt-arning.de\/?page_id=12","name":"Leistungen -","isPartOf":{"@id":"https:\/\/zahnarzt-arning.de\/#website"},"primaryImageOfPage":{"@id":"https:\/\/zahnarzt-arning.de\/?page_id=12#primaryimage"},"image":{"@id":"https:\/\/zahnarzt-arning.de\/?page_id=12#primaryimage"},"thumbnailUrl":"http:\/\/zahnarzt-arning.de\/wp-content\/uploads\/2020\/11\/Zahnreinigung.png","datePublished":"2020-08-06T14:05:24+00:00","dateModified":"2020-12-29T18:41:00+00:00","breadcrumb":{"@id":"https:\/\/zahnarzt-arning.de\/?page_id=12#breadcrumb"},"inLanguage":"de","potentialAction":[{"@type":"ReadAction","target":["https:\/\/zahnarzt-arning.de\/?page_id=12"]}]},{"@type":"ImageObject","inLanguage":"de","@id":"https:\/\/zahnarzt-arning.de\/?page_id=12#primaryimage","url":"https:\/\/zahnarzt-arning.de\/wp-content\/uploads\/2020\/11\/Zahnreinigung.png","contentUrl":"https:\/\/zahnarzt-arning.de\/wp-content\/uploads\/2020\/11\/Zahnreinigung.png","width":123,"height":123},{"@type":"BreadcrumbList","@id":"https:\/\/zahnarzt-arning.de\/?page_id=12#breadcrumb","itemListElement":[{"@type":"ListItem","position":1,"name":"Startseite","item":"https:\/\/zahnarzt-arning.de\/"},{"@type":"ListItem","position":2,"name":"Leistungen"}]},{"@type":"WebSite","@id":"https:\/\/zahnarzt-arning.de\/#website","url":"https:\/\/zahnarzt-arning.de\/","name":"","description":"","potentialAction":[{"@type":"SearchAction","target":{"@type":"EntryPoint","urlTemplate":"https:\/\/zahnarzt-arning.de\/?s={search_term_string}"},"query-input":{"@type":"PropertyValueSpecification","valueRequired":true,"valueName":"search_term_string"}}],"inLanguage":"de"}]}},"_links":{"self":[{"href":"https:\/\/zahnarzt-arning.de\/index.php?rest_route=\/wp\/v2\/pages\/12","targetHints":{"allow":["GET"]}}],"collection":[{"href":"https:\/\/zahnarzt-arning.de\/index.php?rest_route=\/wp\/v2\/pages"}],"about":[{"href":"https:\/\/zahnarzt-arning.de\/index.php?rest_route=\/wp\/v2\/types\/page"}],"author":[{"embeddable":true,"href":"https:\/\/zahnarzt-arning.de\/index.php?rest_route=\/wp\/v2\/users\/2"}],"replies":[{"embeddable":true,"href":"https:\/\/zahnarzt-arning.de\/index.php?rest_route=%2Fwp%2Fv2%2Fcomments&post=12"}],"version-history":[{"count":33,"href":"https:\/\/zahnarzt-arning.de\/index.php?rest_route=\/wp\/v2\/pages\/12\/revisions"}],"predecessor-version":[{"id":417,"href":"https:\/\/zahnarzt-arning.de\/index.php?rest_route=\/wp\/v2\/pages\/12\/revisions\/417"}],"wp:attachment":[{"href":"https:\/\/zahnarzt-arning.de\/index.php?rest_route=%2Fwp%2Fv2%2Fmedia&parent=12"}],"curies":[{"name":"wp","href":"https:\/\/api.w.org\/{rel}","templated":true}]}}