{"id":11,"date":"2020-08-06T14:05:24","date_gmt":"2020-08-06T14:05:24","guid":{"rendered":"http:\/\/zahnarzt-arning.de\/?page_id=11"},"modified":"2020-11-13T14:37:21","modified_gmt":"2020-11-13T14:37:21","slug":"anfahrt","status":"publish","type":"page","link":"https:\/\/zahnarzt-arning.de\/?page_id=11","title":{"rendered":"Anfahrt"},"content":{"rendered":"\n<div class=\"wp-block-columns is-layout-flex wp-container-core-columns-is-layout-9d6595d7 wp-block-columns-is-layout-flex\">\n<div class=\"wp-block-column is-layout-flow wp-block-column-is-layout-flow\">\n<iframe loading=\"lazy\" src=\"https:\/\/www.google.com\/maps\/embed?pb=!1m18!1m12!1m3!1d13126.013966350121!2d8.014794874592406!3d51.83430238994198!2m3!1f0!2f0!3f0!3m2!1i1024!2i768!4f13.1!3m3!1m2!1s0x47b9849f0634beb3%3A0xfd3497e8d5c904ce!2sHerr%20Matthias%20Arning!5e0!3m2!1sde!2sde!4v1597067829715!5m2!1sde!2sde\" style=\"border:0;\" allowfullscreen=\"\" aria-hidden=\"false\" tabindex=\"0\" width=\"600\" height=\"450\" frameborder=\"0\"><\/iframe>\n<\/div>\n\n\n\n<div class=\"wp-block-column is-layout-flow wp-block-column-is-layout-flow\"><\/div>\n\n\n\n<div class=\"wp-block-column is-layout-flow wp-block-column-is-layout-flow\">\n<p><strong>Hier finden Sie uns: <\/strong><\/p>\n\n\n\n<p>Clemens-August-Stra\u00dfe 8<br>59320 Ennigerloh<\/p>\n\n\n\n<p>Die Praxis liegt mitten im Herzen Ennigerlohs gegen\u00fcber der St. Jakobus-Kirche im 1. OG \u00fcber Sanit\u00e4r Dresemann.<\/p>\n\n\n\n<p>Parkpl\u00e4tze finden Sie an der Clemens-August-Stra\u00dfe, der Geiststra\u00dfe und der Stra\u00dfe Im Drubbel.<\/p>\n\n\n\n<p>Das Geb\u00e4ude ist nicht barrierefrei.<\/p>\n\n\n\n<p><\/p>\n\n\n\n<div style=\"height:100px\" aria-hidden=\"true\" class=\"wp-block-spacer\"><\/div>\n\n\n\n<div class=\"wp-block-buttons is-layout-flex wp-block-buttons-is-layout-flex\"><\/div>\n<\/div>\n<\/div>\n","protected":false},"excerpt":{"rendered":"<p>Hier finden Sie uns: Clemens-August-Stra\u00dfe 859320 Ennigerloh Die Praxis liegt mitten im Herzen Ennigerlohs gegen\u00fcber der St. Jakobus-Kirche im 1. OG \u00fcber Sanit\u00e4r Dresemann. Parkpl\u00e4tze finden Sie an der Clemens-August-Stra\u00dfe, der Geiststra\u00dfe und der Stra\u00dfe Im Drubbel. Das Geb\u00e4ude ist nicht barrierefrei.<\/p>\n","protected":false},"author":2,"featured_media":0,"parent":0,"menu_order":0,"comment_status":"closed","ping_status":"closed","template":"","meta":{"footnotes":""},"class_list":["post-11","page","type-page","status-publish","hentry"],"yoast_head":"<!-- This site is optimized with the Yoast SEO plugin v27.4 - https:\/\/yoast.com\/product\/yoast-seo-wordpress\/ -->\n<title>Anfahrt -<\/title>\n<meta name=\"robots\" content=\"index, follow, max-snippet:-1, max-image-preview:large, max-video-preview:-1\" \/>\n<link rel=\"canonical\" href=\"https:\/\/zahnarzt-arning.de\/?page_id=11\" \/>\n<meta property=\"og:locale\" content=\"de_DE\" \/>\n<meta property=\"og:type\" content=\"article\" \/>\n<meta property=\"og:title\" content=\"Anfahrt -\" \/>\n<meta property=\"og:description\" content=\"Hier finden Sie uns: Clemens-August-Stra\u00dfe 859320 Ennigerloh Die Praxis liegt mitten im Herzen Ennigerlohs gegen\u00fcber der St. Jakobus-Kirche im 1. OG \u00fcber Sanit\u00e4r Dresemann. Parkpl\u00e4tze finden Sie an der Clemens-August-Stra\u00dfe, der Geiststra\u00dfe und der Stra\u00dfe Im Drubbel. Das Geb\u00e4ude ist nicht barrierefrei.\" \/>\n<meta property=\"og:url\" content=\"https:\/\/zahnarzt-arning.de\/?page_id=11\" \/>\n<meta property=\"article:modified_time\" content=\"2020-11-13T14:37:21+00:00\" \/>\n<meta name=\"twitter:card\" content=\"summary_large_image\" \/>\n<script type=\"application\/ld+json\" class=\"yoast-schema-graph\">{\"@context\":\"https:\\\/\\\/schema.org\",\"@graph\":[{\"@type\":\"WebPage\",\"@id\":\"https:\\\/\\\/zahnarzt-arning.de\\\/?page_id=11\",\"url\":\"https:\\\/\\\/zahnarzt-arning.de\\\/?page_id=11\",\"name\":\"Anfahrt -\",\"isPartOf\":{\"@id\":\"https:\\\/\\\/zahnarzt-arning.de\\\/#website\"},\"datePublished\":\"2020-08-06T14:05:24+00:00\",\"dateModified\":\"2020-11-13T14:37:21+00:00\",\"breadcrumb\":{\"@id\":\"https:\\\/\\\/zahnarzt-arning.de\\\/?page_id=11#breadcrumb\"},\"inLanguage\":\"de\",\"potentialAction\":[{\"@type\":\"ReadAction\",\"target\":[\"https:\\\/\\\/zahnarzt-arning.de\\\/?page_id=11\"]}]},{\"@type\":\"BreadcrumbList\",\"@id\":\"https:\\\/\\\/zahnarzt-arning.de\\\/?page_id=11#breadcrumb\",\"itemListElement\":[{\"@type\":\"ListItem\",\"position\":1,\"name\":\"Startseite\",\"item\":\"https:\\\/\\\/zahnarzt-arning.de\\\/\"},{\"@type\":\"ListItem\",\"position\":2,\"name\":\"Anfahrt\"}]},{\"@type\":\"WebSite\",\"@id\":\"https:\\\/\\\/zahnarzt-arning.de\\\/#website\",\"url\":\"https:\\\/\\\/zahnarzt-arning.de\\\/\",\"name\":\"\",\"description\":\"\",\"potentialAction\":[{\"@type\":\"SearchAction\",\"target\":{\"@type\":\"EntryPoint\",\"urlTemplate\":\"https:\\\/\\\/zahnarzt-arning.de\\\/?s={search_term_string}\"},\"query-input\":{\"@type\":\"PropertyValueSpecification\",\"valueRequired\":true,\"valueName\":\"search_term_string\"}}],\"inLanguage\":\"de\"}]}<\/script>\n<!-- \/ Yoast SEO plugin. -->","yoast_head_json":{"title":"Anfahrt -","robots":{"index":"index","follow":"follow","max-snippet":"max-snippet:-1","max-image-preview":"max-image-preview:large","max-video-preview":"max-video-preview:-1"},"canonical":"https:\/\/zahnarzt-arning.de\/?page_id=11","og_locale":"de_DE","og_type":"article","og_title":"Anfahrt -","og_description":"Hier finden Sie uns: Clemens-August-Stra\u00dfe 859320 Ennigerloh Die Praxis liegt mitten im Herzen Ennigerlohs gegen\u00fcber der St. Jakobus-Kirche im 1. OG \u00fcber Sanit\u00e4r Dresemann. Parkpl\u00e4tze finden Sie an der Clemens-August-Stra\u00dfe, der Geiststra\u00dfe und der Stra\u00dfe Im Drubbel. Das Geb\u00e4ude ist nicht barrierefrei.","og_url":"https:\/\/zahnarzt-arning.de\/?page_id=11","article_modified_time":"2020-11-13T14:37:21+00:00","twitter_card":"summary_large_image","schema":{"@context":"https:\/\/schema.org","@graph":[{"@type":"WebPage","@id":"https:\/\/zahnarzt-arning.de\/?page_id=11","url":"https:\/\/zahnarzt-arning.de\/?page_id=11","name":"Anfahrt -","isPartOf":{"@id":"https:\/\/zahnarzt-arning.de\/#website"},"datePublished":"2020-08-06T14:05:24+00:00","dateModified":"2020-11-13T14:37:21+00:00","breadcrumb":{"@id":"https:\/\/zahnarzt-arning.de\/?page_id=11#breadcrumb"},"inLanguage":"de","potentialAction":[{"@type":"ReadAction","target":["https:\/\/zahnarzt-arning.de\/?page_id=11"]}]},{"@type":"BreadcrumbList","@id":"https:\/\/zahnarzt-arning.de\/?page_id=11#breadcrumb","itemListElement":[{"@type":"ListItem","position":1,"name":"Startseite","item":"https:\/\/zahnarzt-arning.de\/"},{"@type":"ListItem","position":2,"name":"Anfahrt"}]},{"@type":"WebSite","@id":"https:\/\/zahnarzt-arning.de\/#website","url":"https:\/\/zahnarzt-arning.de\/","name":"","description":"","potentialAction":[{"@type":"SearchAction","target":{"@type":"EntryPoint","urlTemplate":"https:\/\/zahnarzt-arning.de\/?s={search_term_string}"},"query-input":{"@type":"PropertyValueSpecification","valueRequired":true,"valueName":"search_term_string"}}],"inLanguage":"de"}]}},"_links":{"self":[{"href":"https:\/\/zahnarzt-arning.de\/index.php?rest_route=\/wp\/v2\/pages\/11","targetHints":{"allow":["GET"]}}],"collection":[{"href":"https:\/\/zahnarzt-arning.de\/index.php?rest_route=\/wp\/v2\/pages"}],"about":[{"href":"https:\/\/zahnarzt-arning.de\/index.php?rest_route=\/wp\/v2\/types\/page"}],"author":[{"embeddable":true,"href":"https:\/\/zahnarzt-arning.de\/index.php?rest_route=\/wp\/v2\/users\/2"}],"replies":[{"embeddable":true,"href":"https:\/\/zahnarzt-arning.de\/index.php?rest_route=%2Fwp%2Fv2%2Fcomments&post=11"}],"version-history":[{"count":7,"href":"https:\/\/zahnarzt-arning.de\/index.php?rest_route=\/wp\/v2\/pages\/11\/revisions"}],"predecessor-version":[{"id":276,"href":"https:\/\/zahnarzt-arning.de\/index.php?rest_route=\/wp\/v2\/pages\/11\/revisions\/276"}],"wp:attachment":[{"href":"https:\/\/zahnarzt-arning.de\/index.php?rest_route=%2Fwp%2Fv2%2Fmedia&parent=11"}],"curies":[{"name":"wp","href":"https:\/\/api.w.org\/{rel}","templated":true}]}}