{"id":423,"date":"2020-12-29T19:56:29","date_gmt":"2020-12-29T19:56:29","guid":{"rendered":"http:\/\/zahnarzt-arning.de\/?page_id=423"},"modified":"2020-12-29T20:30:08","modified_gmt":"2020-12-29T20:30:08","slug":"impressum","status":"publish","type":"page","link":"http:\/\/zahnarzt-arning.de\/?page_id=423","title":{"rendered":"Impressum"},"content":{"rendered":"\n<p class=\"has-medium-font-size\"><strong>Angaben gem\u00e4\u00df \u00a7 5 TMG<\/strong><\/p>\n\n\n\n<p>Matthias Arning<br>Zahnarzt, verliehen in der Bundesrepublik Deutschland<br>Clemens-August-Str.8<br>59320 Ennigerloh<\/p>\n\n\n\n<p><strong>Kontakt<\/strong><br>Telefon: 0 25 24 \/ 21 35<br>Telefax: 0 25 24 \/ 95 13 88<br>E-Mail: info@zahnarzt-arning.de<\/p>\n\n\n\n<p><strong>Berufsbezeichnung und berufsrechtliche Regelungen<\/strong><br>Berufsbezeichnung: Zahnarzt, verliehen in der Bundesrepublik Deutschland<\/p>\n\n\n\n<p>Zust\u00e4ndige Kammer:<em> <\/em><br>Zahn\u00e4rztekammer Westfalen-Lippe<br>Auf der Horst 29 <br>48147 Mu\u0308nster<br>Verliehen in: Deutschland<br><br>Kassenzahn\u00e4rztliche Vereinigung:<br>Zahn\u00e4rztekammer Westfalen-Lippe<br>Auf der Horst 29<br>48147 M\u00fcnster<\/p>\n\n\n\n<p><br>Es gelten folgende berufsrechtliche Regelungen: Heilberufe Kammergesetz, Zahnheilkundegesetz, Berufsordnung, Gebu\u0308hrenordnung fu\u0308r Zahn\u00e4rzte (GOZ)<br>Regelungen einsehbar unter:<a href=\"https:\/\/www.zahnaerzte-wl.de\/praxisteam\/recht\/rechtsvorschriften.html\" data-type=\"URL\" data-id=\"https:\/\/www.zahnaerzte-wl.de\/praxisteam\/recht\/rechtsvorschriften.html\"> www.zahnaerzte-wl.de\/praxisteam\/recht\/rechtsvorschriften.html<\/a><\/p>\n\n\n\n<p style=\"font-size:8px\">Quelle: www.eRecht24.de<\/p>\n","protected":false},"excerpt":{"rendered":"<p>Angaben gem\u00e4\u00df \u00a7 5 TMG Matthias ArningZahnarzt, verliehen in der Bundesrepublik DeutschlandClemens-August-Str.859320 Ennigerloh KontaktTelefon: 0 25 24 \/ 21 35Telefax: 0 25 24 \/ 95 13 88E-Mail: info@zahnarzt-arning.de Berufsbezeichnung und berufsrechtliche RegelungenBerufsbezeichnung: Zahnarzt, verliehen in der Bundesrepublik Deutschland Zust\u00e4ndige Kammer: Zahn\u00e4rztekammer Westfalen-LippeAuf der Horst 29 48147 Mu\u0308nsterVerliehen in: Deutschland Kassenzahn\u00e4rztliche Vereinigung:Zahn\u00e4rztekammer Westfalen-LippeAuf der Horst 2948147<\/p><\/div>\n<div class=\"blog-btn\"><a href=\"http:\/\/zahnarzt-arning.de\/?page_id=423\" class=\"home-blog-btn\">Weiterlesen<\/a><\/p>\n","protected":false},"author":2,"featured_media":0,"parent":0,"menu_order":0,"comment_status":"closed","ping_status":"closed","template":"","meta":{"footnotes":""},"class_list":["post-423","page","type-page","status-publish","hentry"],"yoast_head":"<!-- This site is optimized with the Yoast SEO plugin v27.4 - https:\/\/yoast.com\/product\/yoast-seo-wordpress\/ -->\n<title>Impressum -<\/title>\n<meta name=\"robots\" content=\"index, follow, max-snippet:-1, max-image-preview:large, max-video-preview:-1\" \/>\n<link rel=\"canonical\" href=\"https:\/\/zahnarzt-arning.de\/?page_id=423\" \/>\n<meta property=\"og:locale\" content=\"de_DE\" \/>\n<meta property=\"og:type\" content=\"article\" \/>\n<meta property=\"og:title\" content=\"Impressum -\" \/>\n<meta property=\"og:description\" content=\"Angaben gem\u00e4\u00df \u00a7 5 TMG Matthias ArningZahnarzt, verliehen in der Bundesrepublik DeutschlandClemens-August-Str.859320 Ennigerloh KontaktTelefon: 0 25 24 \/ 21 35Telefax: 0 25 24 \/ 95 13 88E-Mail: info@zahnarzt-arning.de Berufsbezeichnung und berufsrechtliche RegelungenBerufsbezeichnung: Zahnarzt, verliehen in der Bundesrepublik Deutschland Zust\u00e4ndige Kammer: Zahn\u00e4rztekammer Westfalen-LippeAuf der Horst 29 48147 Mu\u0308nsterVerliehen in: Deutschland Kassenzahn\u00e4rztliche Vereinigung:Zahn\u00e4rztekammer Westfalen-LippeAuf der Horst 2948147Weiterlesen\" \/>\n<meta property=\"og:url\" content=\"https:\/\/zahnarzt-arning.de\/?page_id=423\" \/>\n<meta property=\"article:modified_time\" content=\"2020-12-29T20:30:08+00:00\" \/>\n<meta name=\"twitter:card\" content=\"summary_large_image\" \/>\n<script type=\"application\/ld+json\" class=\"yoast-schema-graph\">{\"@context\":\"https:\\\/\\\/schema.org\",\"@graph\":[{\"@type\":\"WebPage\",\"@id\":\"https:\\\/\\\/zahnarzt-arning.de\\\/?page_id=423\",\"url\":\"https:\\\/\\\/zahnarzt-arning.de\\\/?page_id=423\",\"name\":\"Impressum -\",\"isPartOf\":{\"@id\":\"https:\\\/\\\/zahnarzt-arning.de\\\/#website\"},\"datePublished\":\"2020-12-29T19:56:29+00:00\",\"dateModified\":\"2020-12-29T20:30:08+00:00\",\"breadcrumb\":{\"@id\":\"https:\\\/\\\/zahnarzt-arning.de\\\/?page_id=423#breadcrumb\"},\"inLanguage\":\"de\",\"potentialAction\":[{\"@type\":\"ReadAction\",\"target\":[\"https:\\\/\\\/zahnarzt-arning.de\\\/?page_id=423\"]}]},{\"@type\":\"BreadcrumbList\",\"@id\":\"https:\\\/\\\/zahnarzt-arning.de\\\/?page_id=423#breadcrumb\",\"itemListElement\":[{\"@type\":\"ListItem\",\"position\":1,\"name\":\"Startseite\",\"item\":\"https:\\\/\\\/zahnarzt-arning.de\\\/\"},{\"@type\":\"ListItem\",\"position\":2,\"name\":\"Impressum\"}]},{\"@type\":\"WebSite\",\"@id\":\"https:\\\/\\\/zahnarzt-arning.de\\\/#website\",\"url\":\"https:\\\/\\\/zahnarzt-arning.de\\\/\",\"name\":\"\",\"description\":\"\",\"potentialAction\":[{\"@type\":\"SearchAction\",\"target\":{\"@type\":\"EntryPoint\",\"urlTemplate\":\"https:\\\/\\\/zahnarzt-arning.de\\\/?s={search_term_string}\"},\"query-input\":{\"@type\":\"PropertyValueSpecification\",\"valueRequired\":true,\"valueName\":\"search_term_string\"}}],\"inLanguage\":\"de\"}]}<\/script>\n<!-- \/ Yoast SEO plugin. -->","yoast_head_json":{"title":"Impressum -","robots":{"index":"index","follow":"follow","max-snippet":"max-snippet:-1","max-image-preview":"max-image-preview:large","max-video-preview":"max-video-preview:-1"},"canonical":"https:\/\/zahnarzt-arning.de\/?page_id=423","og_locale":"de_DE","og_type":"article","og_title":"Impressum -","og_description":"Angaben gem\u00e4\u00df \u00a7 5 TMG Matthias ArningZahnarzt, verliehen in der Bundesrepublik DeutschlandClemens-August-Str.859320 Ennigerloh KontaktTelefon: 0 25 24 \/ 21 35Telefax: 0 25 24 \/ 95 13 88E-Mail: info@zahnarzt-arning.de Berufsbezeichnung und berufsrechtliche RegelungenBerufsbezeichnung: Zahnarzt, verliehen in der Bundesrepublik Deutschland Zust\u00e4ndige Kammer: Zahn\u00e4rztekammer Westfalen-LippeAuf der Horst 29 48147 Mu\u0308nsterVerliehen in: Deutschland Kassenzahn\u00e4rztliche Vereinigung:Zahn\u00e4rztekammer Westfalen-LippeAuf der Horst 2948147Weiterlesen","og_url":"https:\/\/zahnarzt-arning.de\/?page_id=423","article_modified_time":"2020-12-29T20:30:08+00:00","twitter_card":"summary_large_image","schema":{"@context":"https:\/\/schema.org","@graph":[{"@type":"WebPage","@id":"https:\/\/zahnarzt-arning.de\/?page_id=423","url":"https:\/\/zahnarzt-arning.de\/?page_id=423","name":"Impressum -","isPartOf":{"@id":"https:\/\/zahnarzt-arning.de\/#website"},"datePublished":"2020-12-29T19:56:29+00:00","dateModified":"2020-12-29T20:30:08+00:00","breadcrumb":{"@id":"https:\/\/zahnarzt-arning.de\/?page_id=423#breadcrumb"},"inLanguage":"de","potentialAction":[{"@type":"ReadAction","target":["https:\/\/zahnarzt-arning.de\/?page_id=423"]}]},{"@type":"BreadcrumbList","@id":"https:\/\/zahnarzt-arning.de\/?page_id=423#breadcrumb","itemListElement":[{"@type":"ListItem","position":1,"name":"Startseite","item":"https:\/\/zahnarzt-arning.de\/"},{"@type":"ListItem","position":2,"name":"Impressum"}]},{"@type":"WebSite","@id":"https:\/\/zahnarzt-arning.de\/#website","url":"https:\/\/zahnarzt-arning.de\/","name":"","description":"","potentialAction":[{"@type":"SearchAction","target":{"@type":"EntryPoint","urlTemplate":"https:\/\/zahnarzt-arning.de\/?s={search_term_string}"},"query-input":{"@type":"PropertyValueSpecification","valueRequired":true,"valueName":"search_term_string"}}],"inLanguage":"de"}]}},"_links":{"self":[{"href":"http:\/\/zahnarzt-arning.de\/index.php?rest_route=\/wp\/v2\/pages\/423","targetHints":{"allow":["GET"]}}],"collection":[{"href":"http:\/\/zahnarzt-arning.de\/index.php?rest_route=\/wp\/v2\/pages"}],"about":[{"href":"http:\/\/zahnarzt-arning.de\/index.php?rest_route=\/wp\/v2\/types\/page"}],"author":[{"embeddable":true,"href":"http:\/\/zahnarzt-arning.de\/index.php?rest_route=\/wp\/v2\/users\/2"}],"replies":[{"embeddable":true,"href":"http:\/\/zahnarzt-arning.de\/index.php?rest_route=%2Fwp%2Fv2%2Fcomments&post=423"}],"version-history":[{"count":3,"href":"http:\/\/zahnarzt-arning.de\/index.php?rest_route=\/wp\/v2\/pages\/423\/revisions"}],"predecessor-version":[{"id":427,"href":"http:\/\/zahnarzt-arning.de\/index.php?rest_route=\/wp\/v2\/pages\/423\/revisions\/427"}],"wp:attachment":[{"href":"http:\/\/zahnarzt-arning.de\/index.php?rest_route=%2Fwp%2Fv2%2Fmedia&parent=423"}],"curies":[{"name":"wp","href":"https:\/\/api.w.org\/{rel}","templated":true}]}}